{"id":4772,"date":"2016-02-24T09:07:24","date_gmt":"2016-02-24T09:07:24","guid":{"rendered":"http:\/\/sktthemesdemo.net\/complete\/?page_id=285"},"modified":"2021-09-07T20:45:48","modified_gmt":"2021-09-08T00:45:48","slug":"about-us","status":"publish","type":"page","link":"https:\/\/www.egliseberee.com\/?page_id=4772","title":{"rendered":"Qui sommes-nous?"},"content":{"rendered":"<div id=\"skt-builder-accordion-block-43\" class=\"skt-builder-block-wrapper skt-builder-accordion-block skt-builder-accordion-block-43\" style=\"background-color: #ffffff; background-image: url(); padding-bottom: 50px; padding-top: 60px; \">\r\n\t<div class=\"skt-builder-block-inner skt-builder-block-inner-43\" style=\"\">\r\n\t\t<div class=\"skt-builder-container\">\r\n                <div class=\"skt-builder-block-description\"><p>L\u2019\u00c9glise \u00e9vang\u00e9lique B\u00e9r\u00e9e est une assembl\u00e9e chr\u00e9tienne d\u2019expression fran\u00e7aise, \u00e0 caract\u00e8re multiethnique et \u00e9voluant dans un contexte qu\u00e9b\u00e9cois. Ayant comme socle le passage biblique de Galates 3:28, nous d\u00e9sirons \u00eatre pr\u00e9sents pour aimer, servir et apporter un message d\u2019espoir centr\u00e9 sur J\u00e9sus-Christ \u00e0 notre soci\u00e9t\u00e9 et ce, sans \u00e9gard \u00e0 l\u2019ethnie, arri\u00e8re-plan ou statut social.&nbsp;<\/p><p><br><\/p><p>B\u00e9r\u00e9e est une \u00e9glise \u00e9tablie pour montrer l\u2019amour de Dieu parmi les gens de notre soci\u00e9t\u00e9 en g\u00e9n\u00e9ral et de notre quartier, en particulier.<\/p><p>Nous vous invitons \u00e0 venir d\u00e9couvrir notre assembl\u00e9e lors de nos diff\u00e9rentes activit\u00e9s. (voir calendrier)<\/p><\/div>\r\n\t\t\t<div class=\"skt-builder-accordion\">\r\n\t\t\t\t\t<button class=\"skt-accordion\" style=\"background-color: #282828; color: #ffffff;\">Une \u00e9glise pr\u00e8s de Dieu\u2026 <\/button>\r\n\t\t\t\t\t<div class=\"skt-accordion-panel\">\r\n\t\t\t\t\t\t<div class=\"skt-accordion-panel-inner\" style=\"background-color: #f7f7f7; color: #282828;\"><p><strong>Une \u00e9glise pr\u00e8s de Dieu\u2026<\/strong> <\/p><p>Pour nous, \u00e0 l\u2019\u00e9glise \u00e9vang\u00e9lique B\u00e9r\u00e9e, il ne fait aucun doute que le plus grand acte d\u2019amour de Dieu envers les hommes s\u2019est manifest\u00e9 dans la personne de J\u00e9sus-Christ. En lisant le nouveau testament, nous pouvons retirer de grandes richesses \u00e0 travers les enseignements de J\u00e9sus et les appliquer \u00e0 n\u2019importe quel domaine de notre vie de tous les jours. Sa mort et Sa r\u00e9surrection ont impact\u00e9 des milliards de personnes \u00e0 travers l\u2019histoire et continue d\u2019impacter encore aujourd\u2019hui, et les principaux fruits qui en d\u00e9coulent sont le pardon et l\u2019espoir.&nbsp;<\/p><\/div>\r\n\t\t\t\t\t<\/div>\r\n\t\t\t\t\t<button class=\"skt-accordion\" style=\"background-color: #282828; color: #ffffff;\"> Une \u00e9glise proche des gens\u2026 <\/button>\r\n\t\t\t\t\t<div class=\"skt-accordion-panel\">\r\n\t\t\t\t\t\t<div class=\"skt-accordion-panel-inner\" style=\"background-color: #f7f7f7; color: #282828;\"><p>\u00c0 l\u2019instar de J\u00e9sus, notre communaut\u00e9 se pr\u00e9occupe de ce que vivent les gens dans leur quotidien. Que ce soit au niveau de l\u2019action social envers les d\u00e9favoris\u00e9s, en mettant sur pieds des s\u00e9minaires et retraites pour les couples et familles, en offrant de l\u2019aide psychologique et spirituelle, en collaborant avec d\u2019autres organismes locaux ou \u00e0 l\u2019ext\u00e9rieur, notre objectif est d\u2019\u00eatre une ressource au service de la communaut\u00e9. Pour nous, le principe de \u2018\u2019donner au suivant\u2019\u2019 prend tout son sens. Comme le mentionne si bien les passages de Jacques 2:17, 20 et 26, la foi sans les \u0153uvres est une foi qui est morte.&nbsp;<\/p><\/div>\r\n\t\t\t\t\t<\/div>\r\n\t\t\t\t\t<button class=\"skt-accordion\" style=\"background-color: #282828; color: #ffffff;\">Philosophie du minist\u00e8re<\/button>\r\n\t\t\t\t\t<div class=\"skt-accordion-panel\">\r\n\t\t\t\t\t\t<div class=\"skt-accordion-panel-inner\" style=\"background-color: #f7f7f7; color: #282828;\"><h3><br><\/h3><ul><li><strong>Son mod\u00e8le<\/strong> est J\u00e9sus-Christ<\/li><li><strong>Ses outils<\/strong> sont la Parole de Dieu et la Pri\u00e8re<\/li><li><strong>Sa puissance<\/strong> est l\u2019Esprit-Saint<\/li><li><strong>Son but est la gloire de Dieu<\/strong><\/li><li><strong>Son fondement<\/strong> est le caract\u00e8re<\/li><li><strong>Sa nature<\/strong> est le service<\/li><li><strong>Son motif <\/strong>est l\u2019amour<\/li><li><strong>Sa mesure<\/strong> est le sacrifice<\/li><li><strong>Son autorit\u00e9<\/strong> est la soumission<\/li><\/ul><p><br><\/p><\/div>\r\n\t\t\t\t\t<\/div>\r\n\t\t\t<\/div>\r\n\t\t<\/div>\r\n\t<\/div>\r\n<\/div>\r\n<script>\r\nvar acc = jQuery(\".skt-builder-accordion-block-43 .skt-accordion\");\r\nvar i;\r\n\r\nfor (i = 0; i < acc.length; i++) {\r\n  acc[i].addEventListener(\"click\", function() {\r\n    this.classList.toggle(\"skt-accordion-active\");\r\n    var panel = this.nextElementSibling;\r\n    if (panel.style.maxHeight){\r\n      panel.style.maxHeight = null;\r\n    } else {\r\n      panel.style.maxHeight = panel.scrollHeight + \"px\";\r\n    } \r\n  });\r\n}\r\n<\/script>\r\n<div id=\"sktbuilder-text-block-96\" class=\"sktbuilder-block sktbuilder-text\">\r\n    <div class=\"qb-container\">\r\n            <div class=\"sktbuilder-header\">\r\n                <div class=\"sktbuilder-header__description sktbuilder-text__description sktbuilder-header__description_color_black\">\r\n                   <p><br><\/p>\r\n                <\/div>\r\n            <\/div>\r\n    <\/div>\r\n<\/div>    <!-- sktbuilder starter --><script type=\"text\/javascript\" src=\"https:\/\/www.egliseberee.com\/wp-content\/plugins\/skt-builder\/sktbuilder\/sktbuilder-frontend-starter.js\"><\/script><script type=\"text\/javascript\" src=\"https:\/\/www.egliseberee.com\/wp-content\/plugins\/skt-builder\/sktbuilder-wordpress-driver.js\"><\/script><script type=\"text\/javascript\"> var starter = new SktbuilderStarter({\"mode\": \"prod\", \"skip\":[\"jquery\",\"underscore\",\"backbone\"],\"sktbuilderUrl\": \"https:\/\/www.egliseberee.com\/wp-content\/plugins\/skt-builder\/sktbuilder\/\", \"driver\": new SktbuilderWordpressDriver({\"ajaxUrl\": \"https:\/\/www.egliseberee.com\/wp-admin\/admin-ajax.php\", \"iframeUrl\": \"https:\/\/www.egliseberee.com\/?page_id=4772&sktbuilder=true\", \"pageId\": 4772, \"pages\": [{\"title\":\"Nous croyons\",\"url\":\"https:\\\/\\\/www.egliseberee.com\\\/wp-admin\\\/post.php?post=1749&action=sktbuilder\"},{\"title\":\"Accueil\",\"url\":\"https:\\\/\\\/www.egliseberee.com\\\/wp-admin\\\/post.php?post=4476&action=sktbuilder\"},{\"title\":\"Faire un don\",\"url\":\"https:\\\/\\\/www.egliseberee.com\\\/wp-admin\\\/post.php?post=4830&action=sktbuilder\"},{\"title\":\"Nos r\\u00e9unions\",\"url\":\"https:\\\/\\\/www.egliseberee.com\\\/wp-admin\\\/post.php?post=5019&action=sktbuilder\"}], \"page\": \"Qui sommes-nous?\" }) });<\/script><!-- end sktbuilder starter -->","protected":false},"excerpt":{"rendered":"<p>L\u2019\u00c9glise \u00e9vang\u00e9lique B\u00e9r\u00e9e est une assembl\u00e9e chr\u00e9tienne d\u2019expression fran\u00e7aise, \u00e0 caract\u00e8re multiethnique et \u00e9voluant dans un contexte qu\u00e9b\u00e9cois. Ayant comme socle le passage biblique de Galates 3:28, nous d\u00e9sirons \u00eatre<br \/><a class=\"moretag\" href=\"https:\/\/www.egliseberee.com\/?page_id=4772\">+ Read More<\/a><\/p>\n","protected":false},"author":1,"featured_media":4825,"parent":0,"menu_order":0,"comment_status":"closed","ping_status":"closed","template":"templates\/page-fullwidth_template.php","meta":[],"_links":{"self":[{"href":"https:\/\/www.egliseberee.com\/index.php?rest_route=\/wp\/v2\/pages\/4772"}],"collection":[{"href":"https:\/\/www.egliseberee.com\/index.php?rest_route=\/wp\/v2\/pages"}],"about":[{"href":"https:\/\/www.egliseberee.com\/index.php?rest_route=\/wp\/v2\/types\/page"}],"author":[{"embeddable":true,"href":"https:\/\/www.egliseberee.com\/index.php?rest_route=\/wp\/v2\/users\/1"}],"replies":[{"embeddable":true,"href":"https:\/\/www.egliseberee.com\/index.php?rest_route=%2Fwp%2Fv2%2Fcomments&post=4772"}],"version-history":[{"count":21,"href":"https:\/\/www.egliseberee.com\/index.php?rest_route=\/wp\/v2\/pages\/4772\/revisions"}],"predecessor-version":[{"id":4906,"href":"https:\/\/www.egliseberee.com\/index.php?rest_route=\/wp\/v2\/pages\/4772\/revisions\/4906"}],"wp:featuredmedia":[{"embeddable":true,"href":"https:\/\/www.egliseberee.com\/index.php?rest_route=\/wp\/v2\/media\/4825"}],"wp:attachment":[{"href":"https:\/\/www.egliseberee.com\/index.php?rest_route=%2Fwp%2Fv2%2Fmedia&parent=4772"}],"curies":[{"name":"wp","href":"https:\/\/api.w.org\/{rel}","templated":true}]}}