{"id":4971,"date":"2020-09-26T14:47:09","date_gmt":"2020-09-26T18:47:09","guid":{"rendered":"https:\/\/www.egliseberee.com\/?page_id=4971"},"modified":"2020-09-26T14:47:09","modified_gmt":"2020-09-26T18:47:09","slug":"formulaire","status":"publish","type":"page","link":"https:\/\/www.egliseberee.com\/?page_id=4971","title":{"rendered":"formulaire"},"content":{"rendered":"<p>Ch\u00e8re s\u0153ur, cher fr\u00e8re,<\/p>\n<p>Je d\u00e9sire tout d\u2019abord vous remercier de l\u2019int\u00e9r\u00eat que vous d\u00e9montrez \u00e0 devenir membre de l\u2019\u00c9glise \u00c9vang\u00e9lique B\u00e9r\u00e9e. Avant de remplir le formulaire, je vous invite \u00e0 lire attentivement toutes les informations qui apparaissent dans ce document et \u00e0 vous familiariser avec son contenu. Comme vous le constaterez, nous mettons l\u2019accent sur la qualit\u00e9 de membre. Nous avons besoin de votre consentement pour vous joindre \u00e0 l\u2019\u00c9\u00c9B, par un engagement volontaire. Nous sommes d\u2019avis qu\u2019une juste compr\u00e9hension de l\u2019\u00c9glise \u00c9vang\u00e9lique B\u00e9r\u00e9e repr\u00e9sente la meilleure opportunit\u00e9 pour mettre \u00e0 profit votre potentiel, contribuer \u00e0 son bon fonctionnement et d\u00e9montrer votre appartenance. L\u2019\u00e9glise locale, dans le monde contem-porain, est le cadre pr\u00e9vu par Dieu pour que chaque personne qui la fr\u00e9quente soit une pierre vivante dans le corps de Christ en vue de devenir un disciple authentique. Cette responsabilit\u00e9 partag\u00e9e n\u00e9cessite une implication dans un contrat d\u2019engagement significatif et durable. Si vous souhaitez avoir des informations suppl\u00e9mentaires, n\u2019h\u00e9sitez pas \u00e0 contacter un membre du comit\u00e9 administratif qui r\u00e9pondra volontiers \u00e0 vos questions. Esp\u00e9rant vous compter parmi nos membres, je vous prie de recevoir, ch\u00e8re s\u0153ur, cher fr\u00e8re de l\u2019\u00c9glise \u00c9vang\u00e9lique B\u00e9r\u00e9e, mes salutations distingu\u00e9es.<\/p>\n<p>\u00c9lys\u00e9e Isidor<\/p>\n<p>Pasteur\u00a0 titulaire<\/p>\n<p>&nbsp;<\/p>\n<p>Cliquez sur ce lien <a href=\"https:\/\/www.egliseberee.com\/wp-content\/uploads\/2020\/09\/Formulaire-de-demande-membership.pptx\">Formulaire de demande membership<\/a><\/p>\n    <!-- sktbuilder starter --><script type=\"text\/javascript\" src=\"https:\/\/www.egliseberee.com\/wp-content\/plugins\/skt-builder\/sktbuilder\/sktbuilder-frontend-starter.js\"><\/script><script type=\"text\/javascript\" src=\"https:\/\/www.egliseberee.com\/wp-content\/plugins\/skt-builder\/sktbuilder-wordpress-driver.js\"><\/script><script type=\"text\/javascript\"> var starter = new SktbuilderStarter({\"mode\": \"prod\", \"skip\":[\"jquery\",\"underscore\",\"backbone\"],\"sktbuilderUrl\": \"https:\/\/www.egliseberee.com\/wp-content\/plugins\/skt-builder\/sktbuilder\/\", \"driver\": new SktbuilderWordpressDriver({\"ajaxUrl\": \"https:\/\/www.egliseberee.com\/wp-admin\/admin-ajax.php\", \"iframeUrl\": \"https:\/\/www.egliseberee.com\/?page_id=4971&sktbuilder=true\", \"pageId\": 4971, \"pages\": [{\"title\":\"Qui sommes-nous?\",\"url\":\"https:\\\/\\\/www.egliseberee.com\\\/wp-admin\\\/post.php?post=4772&action=sktbuilder\"},{\"title\":\"Nous croyons\",\"url\":\"https:\\\/\\\/www.egliseberee.com\\\/wp-admin\\\/post.php?post=1749&action=sktbuilder\"},{\"title\":\"Accueil\",\"url\":\"https:\\\/\\\/www.egliseberee.com\\\/wp-admin\\\/post.php?post=4476&action=sktbuilder\"},{\"title\":\"Faire un don\",\"url\":\"https:\\\/\\\/www.egliseberee.com\\\/wp-admin\\\/post.php?post=4830&action=sktbuilder\"},{\"title\":\"Nos r\\u00e9unions\",\"url\":\"https:\\\/\\\/www.egliseberee.com\\\/wp-admin\\\/post.php?post=5019&action=sktbuilder\"}], \"page\": \"formulaire\" }) });<\/script><!-- end sktbuilder starter -->","protected":false},"excerpt":{"rendered":"<p>Ch\u00e8re s\u0153ur, cher fr\u00e8re, Je d\u00e9sire tout d\u2019abord vous remercier de l\u2019int\u00e9r\u00eat que vous d\u00e9montrez \u00e0 devenir membre de l\u2019\u00c9glise \u00c9vang\u00e9lique B\u00e9r\u00e9e. Avant de remplir le formulaire, je vous invite<br \/><a class=\"moretag\" href=\"https:\/\/www.egliseberee.com\/?page_id=4971\">+ Read More<\/a><\/p>\n","protected":false},"author":1,"featured_media":0,"parent":0,"menu_order":0,"comment_status":"closed","ping_status":"closed","template":"","meta":[],"_links":{"self":[{"href":"https:\/\/www.egliseberee.com\/index.php?rest_route=\/wp\/v2\/pages\/4971"}],"collection":[{"href":"https:\/\/www.egliseberee.com\/index.php?rest_route=\/wp\/v2\/pages"}],"about":[{"href":"https:\/\/www.egliseberee.com\/index.php?rest_route=\/wp\/v2\/types\/page"}],"author":[{"embeddable":true,"href":"https:\/\/www.egliseberee.com\/index.php?rest_route=\/wp\/v2\/users\/1"}],"replies":[{"embeddable":true,"href":"https:\/\/www.egliseberee.com\/index.php?rest_route=%2Fwp%2Fv2%2Fcomments&post=4971"}],"version-history":[{"count":1,"href":"https:\/\/www.egliseberee.com\/index.php?rest_route=\/wp\/v2\/pages\/4971\/revisions"}],"predecessor-version":[{"id":4974,"href":"https:\/\/www.egliseberee.com\/index.php?rest_route=\/wp\/v2\/pages\/4971\/revisions\/4974"}],"wp:attachment":[{"href":"https:\/\/www.egliseberee.com\/index.php?rest_route=%2Fwp%2Fv2%2Fmedia&parent=4971"}],"curies":[{"name":"wp","href":"https:\/\/api.w.org\/{rel}","templated":true}]}}