{"id":5019,"date":"2021-01-22T02:31:53","date_gmt":"2021-01-22T07:31:53","guid":{"rendered":"https:\/\/www.egliseberee.com\/?page_id=5019"},"modified":"2021-01-22T02:31:53","modified_gmt":"2021-01-22T07:31:53","slug":"nos-reunions","status":"publish","type":"page","link":"https:\/\/www.egliseberee.com\/?page_id=5019","title":{"rendered":"Nos r\u00e9unions"},"content":{"rendered":"<div id=\"skt-builder-content-timeline-block-145\" class=\"skt-builder-block-wrapper skt-builder-content-timeline-block skt-builder-content-timeline-block-145\" style=\"background-color: #ffffff; background-image: url(); padding-bottom: 80px; padding-top: 70px; \">\r\n\t<div class=\"skt-builder-block-inner skt-builder-block-inner-145\" style=\"\">\r\n\t\t<div class=\"skt-builder-container\">\r\n        \t<style>\r\n            \t.skt-builder-content-timeline-block-145 .skt-builder-block-column-button{background-color: #9437fd; color: #ffffff;}\r\n\t\t\t\t.skt-builder-content-timeline-block-145 .skt-builder-block-column-button:hover{background-color: #282828; color: #ffffff;}\r\n            <\/style>\r\n                <div class=\"skt-builder-block-description\"><h2>CULTE &amp; \u00c9TUDE BIBLIQUE<\/h2><p class=\"ql-align-center\"><br><\/p><\/div>\r\n\t\t\t<div class=\"skt-builder-timeline-container\">\r\n            \t<div class=\"skt-builder-timeline-row\">\r\n                \t<ul class=\"skt-builder-timeline-both-side\">\r\n                    \t<div class=\"skt-builder-timeline-vertical\" style=\"background-color: #9437fd;\"><\/div>\r\n                            \t<li class=\"skt-builder-timeline-content-wrap skt-builder-timeline-content-wrap-147\">\r\n                                \t<style>\r\n                                    \t.skt-builder-timeline-content-wrap-147 .skt-builder-timeline-link:hover{color: #9437fd !Important;}\r\n                                    <\/style>\r\n                                \t<div class=\"skt-builder-timeline-arrow\" style=\"border-color: #f4f2f2\"><\/div>\r\n                                    <div class=\"skt-builder-timeline-number\" style=\"background-color: #9437fd; color: #ffffff;\">1<\/div>\r\n                                    <div class=\"skt-builder-timeline-content\" style=\"background-color: #f4f2f2;\">\r\n                                    \t<div class=\"skt-builder-timeline-timeleft\"><img class=\"skt-builder-timeline-image\" src=\"https:\/\/www.egliseberee.com\/wp-content\/plugins\/skt-builder\/sktbuilder\/blocks\/media\/assets\/img\/content-timeline-img.jpg\"><\/div>\r\n                                        <div class=\"skt-builder-timeline-timeright\">\r\n                                        \t<h3 class=\"skt-builder-timeline-title\" style=\"color: #282828;\">Dimanche<\/h3>\r\n                                            <div class=\"skt-builder-timeline-description\" style=\"color: #787878;\"><p><span style=\"background-color: rgb(92, 120, 147); color: rgba(255, 255, 255, 0.5);\">Culte du dimanche de 8h45 \u00e0 10h30 environ<\/span><\/p><\/div>\r\n                                        \t<a href=\"#\" class=\"skt-builder-timeline-link\" style=\"color: #282828;\" >READ MORE<\/a>\r\n                                        <\/div>\r\n                                    <\/div>\r\n                                <\/li>\r\n                            \t<li class=\"skt-builder-timeline-content-wrap skt-builder-timeline-content-wrap-151 skt-builder-timeline-opposite-side\">\r\n                                \t<style>\r\n                                    \t.skt-builder-timeline-content-wrap-151 .skt-builder-timeline-link:hover{color: #9437fd !Important;}\r\n                                    <\/style>\r\n                                \t<div class=\"skt-builder-timeline-arrow\" style=\"border-color: #f4f2f2\"><\/div>\r\n                                    <div class=\"skt-builder-timeline-number\" style=\"background-color: #9437fd; color: #ffffff;\">2<\/div>\r\n                                    <div class=\"skt-builder-timeline-content\" style=\"background-color: #f4f2f2;\">\r\n                                    \t<div class=\"skt-builder-timeline-timeleft\"><img class=\"skt-builder-timeline-image\" src=\"https:\/\/www.egliseberee.com\/wp-content\/plugins\/skt-builder\/sktbuilder\/blocks\/media\/assets\/img\/content-timeline-img.jpg\"><\/div>\r\n                                        <div class=\"skt-builder-timeline-timeright\">\r\n                                        \t<h3 class=\"skt-builder-timeline-title\" style=\"color: #282828;\">Mercredi<\/h3>\r\n                                            <div class=\"skt-builder-timeline-description\" style=\"color: #787878;\"><p>Enseignement du mercredi soir<\/p><\/div>\r\n                                        \t<a href=\"#\" class=\"skt-builder-timeline-link\" style=\"color: #282828;\" >READ MORE<\/a>\r\n                                        <\/div>\r\n                                    <\/div>\r\n                                <\/li>\r\n                            \t<li class=\"skt-builder-timeline-content-wrap skt-builder-timeline-content-wrap-154\">\r\n                                \t<style>\r\n                                    \t.skt-builder-timeline-content-wrap-154 .skt-builder-timeline-link:hover{color: #9437fd !Important;}\r\n                                    <\/style>\r\n                                \t<div class=\"skt-builder-timeline-arrow\" style=\"border-color: #f4f2f2\"><\/div>\r\n                                    <div class=\"skt-builder-timeline-number\" style=\"background-color: #9437fd; color: #ffffff;\">3<\/div>\r\n                                    <div class=\"skt-builder-timeline-content\" style=\"background-color: #f4f2f2;\">\r\n                                    \t<div class=\"skt-builder-timeline-timeleft\"><img class=\"skt-builder-timeline-image\" src=\"https:\/\/www.egliseberee.com\/wp-content\/plugins\/skt-builder\/sktbuilder\/blocks\/media\/assets\/img\/content-timeline-img.jpg\"><\/div>\r\n                                        <div class=\"skt-builder-timeline-timeright\">\r\n                                        \t<h3 class=\"skt-builder-timeline-title\" style=\"color: #282828;\">Rencontre en ligne<\/h3>\r\n                                            <div class=\"skt-builder-timeline-description\" style=\"color: #787878;\"><p>Vous pouvez vous joindre \u00e0 nous sur Zoom via ce lien :<\/p><p><br><\/p><h4><a href=\"https:\/\/us02web.zoom.us\/j\/4509639364\" target=\"_blank\" style=\"background-color: rgb(255, 255, 255); color: blue;\" rel=\"noopener\">https:\/\/us02web.zoom.us\/j\/4509639364<\/a><\/h4><p>OU Par t\u00e9l\u00e9phone uniquement,&nbsp;en composant le num\u00e9ro:<\/p><p>438-809-7799<\/p><p>- Appuyez sur le 0 pour le fran\u00e7ais<\/p><p>- Suivre les instructions et entrez l'identifiant<\/p><p>&nbsp;&nbsp;-&nbsp;<strong>ID de r\u00e9union<\/strong>&nbsp;: <\/p><p>450 963 9364 suivi du #<\/p><p>&nbsp;&nbsp;-<strong>Mot de passe<\/strong>&nbsp;: # 3055<\/p><p><br><\/p><\/div>\r\n                                        \t<a href=\"#\" class=\"skt-builder-timeline-link\" style=\"color: #282828;\" >READ MORE<\/a>\r\n                                        <\/div>\r\n                                    <\/div>\r\n                                <\/li>\r\n                            \t<li class=\"skt-builder-timeline-content-wrap skt-builder-timeline-content-wrap-157 skt-builder-timeline-opposite-side\">\r\n                                \t<style>\r\n                                    \t.skt-builder-timeline-content-wrap-157 .skt-builder-timeline-link:hover{color: #9437fd !Important;}\r\n                                    <\/style>\r\n                                \t<div class=\"skt-builder-timeline-arrow\" style=\"border-color: #f4f2f2\"><\/div>\r\n                                    <div class=\"skt-builder-timeline-number\" style=\"background-color: #9437fd; color: #ffffff;\">4<\/div>\r\n                                    <div class=\"skt-builder-timeline-content\" style=\"background-color: #f4f2f2;\">\r\n                                    \t<div class=\"skt-builder-timeline-timeleft\"><img class=\"skt-builder-timeline-image\" src=\"https:\/\/www.egliseberee.com\/wp-content\/plugins\/skt-builder\/sktbuilder\/blocks\/media\/assets\/img\/content-timeline-img.jpg\"><\/div>\r\n                                        <div class=\"skt-builder-timeline-timeright\">\r\n                                        \t<h3 class=\"skt-builder-timeline-title\" style=\"color: #282828;\">Samedi<\/h3>\r\n                                            <div class=\"skt-builder-timeline-description\" style=\"color: #787878;\"><p><br><\/p><\/div>\r\n                                        \t<a href=\"#\" class=\"skt-builder-timeline-link\" style=\"color: #282828;\" >READ MORE<\/a>\r\n                                        <\/div>\r\n                                    <\/div>\r\n                                <\/li>\r\n                    <\/ul>\r\n                <\/div>\r\n                <div style=\"clear: both\"><\/div>\r\n                <a class=\"skt-builder-block-column-button\" href=\"#\" >View All Items<\/a>\r\n            <\/div>\r\n\t\t<\/div>\r\n\t<\/div>\r\n<\/div>    <!-- sktbuilder starter --><script type=\"text\/javascript\" src=\"https:\/\/www.egliseberee.com\/wp-content\/plugins\/skt-builder\/sktbuilder\/sktbuilder-frontend-starter.js\"><\/script><script type=\"text\/javascript\" src=\"https:\/\/www.egliseberee.com\/wp-content\/plugins\/skt-builder\/sktbuilder-wordpress-driver.js\"><\/script><script type=\"text\/javascript\"> var starter = new SktbuilderStarter({\"mode\": \"prod\", \"skip\":[\"jquery\",\"underscore\",\"backbone\"],\"sktbuilderUrl\": \"https:\/\/www.egliseberee.com\/wp-content\/plugins\/skt-builder\/sktbuilder\/\", \"driver\": new SktbuilderWordpressDriver({\"ajaxUrl\": \"https:\/\/www.egliseberee.com\/wp-admin\/admin-ajax.php\", \"iframeUrl\": \"https:\/\/www.egliseberee.com\/?page_id=5019&sktbuilder=true\", \"pageId\": 5019, \"pages\": [{\"title\":\"Qui sommes-nous?\",\"url\":\"https:\\\/\\\/www.egliseberee.com\\\/wp-admin\\\/post.php?post=4772&action=sktbuilder\"},{\"title\":\"Nous croyons\",\"url\":\"https:\\\/\\\/www.egliseberee.com\\\/wp-admin\\\/post.php?post=1749&action=sktbuilder\"},{\"title\":\"Accueil\",\"url\":\"https:\\\/\\\/www.egliseberee.com\\\/wp-admin\\\/post.php?post=4476&action=sktbuilder\"},{\"title\":\"Faire un don\",\"url\":\"https:\\\/\\\/www.egliseberee.com\\\/wp-admin\\\/post.php?post=4830&action=sktbuilder\"}], \"page\": \"Nos r\u00e9unions\" }) });<\/script><!-- end sktbuilder starter -->","protected":false},"excerpt":{"rendered":"<p>CULTE &amp; \u00c9TUDE BIBLIQUE 1 Dimanche Culte du dimanche de 8h45 \u00e0 10h30 environ READ MORE 2 Mercredi Enseignement du mercredi soir READ MORE 3 Rencontre en ligne Vous pouvez<br \/><a class=\"moretag\" href=\"https:\/\/www.egliseberee.com\/?page_id=5019\">+ Read More<\/a><\/p>\n","protected":false},"author":1,"featured_media":0,"parent":0,"menu_order":0,"comment_status":"closed","ping_status":"closed","template":"","meta":[],"_links":{"self":[{"href":"https:\/\/www.egliseberee.com\/index.php?rest_route=\/wp\/v2\/pages\/5019"}],"collection":[{"href":"https:\/\/www.egliseberee.com\/index.php?rest_route=\/wp\/v2\/pages"}],"about":[{"href":"https:\/\/www.egliseberee.com\/index.php?rest_route=\/wp\/v2\/types\/page"}],"author":[{"embeddable":true,"href":"https:\/\/www.egliseberee.com\/index.php?rest_route=\/wp\/v2\/users\/1"}],"replies":[{"embeddable":true,"href":"https:\/\/www.egliseberee.com\/index.php?rest_route=%2Fwp%2Fv2%2Fcomments&post=5019"}],"version-history":[{"count":3,"href":"https:\/\/www.egliseberee.com\/index.php?rest_route=\/wp\/v2\/pages\/5019\/revisions"}],"predecessor-version":[{"id":5022,"href":"https:\/\/www.egliseberee.com\/index.php?rest_route=\/wp\/v2\/pages\/5019\/revisions\/5022"}],"wp:attachment":[{"href":"https:\/\/www.egliseberee.com\/index.php?rest_route=%2Fwp%2Fv2%2Fmedia&parent=5019"}],"curies":[{"name":"wp","href":"https:\/\/api.w.org\/{rel}","templated":true}]}}